{"id":1031,"date":"2025-07-13T06:37:27","date_gmt":"2025-07-13T06:37:27","guid":{"rendered":"https:\/\/polifood.com.pe\/?post_type=product&#038;p=1031"},"modified":"2025-07-13T06:37:28","modified_gmt":"2025-07-13T06:37:28","slug":"polivit-ofp","status":"publish","type":"product","link":"https:\/\/polifood.com.pe\/in\/product\/polivit-ofp\/","title":{"rendered":"POLIVIT OFP"},"content":{"rendered":"<p>Blend of vitamins (B1, B2, B3, B9) and ferric orthophosphate, formulated for flour fortification in accordance with Peruvian Law No. 28314. It provides essential micronutrients for health at all stages of life, helping to prevent nutritional deficiencies. Suitable for human consumption.<\/p>","protected":false},"excerpt":{"rendered":"<p>Mezcla de vitaminas (B1, B2, B3, B9) y ortofosfato f\u00e9rrico, formulada para la fortificaci\u00f3n de harinas seg\u00fan la Ley N\u00b028314<\/p>","protected":false},"featured_media":0,"comment_status":"open","ping_status":"closed","template":"","meta":{"_joinchat":[]},"product_brand":[],"product_cat":[32],"product_tag":[],"class_list":{"0":"post-1031","1":"product","2":"type-product","3":"status-publish","5":"product_cat-panificacion-y-molineria","7":"first","8":"instock","9":"shipping-taxable","10":"product-type-simple"},"_links":{"self":[{"href":"https:\/\/polifood.com.pe\/in\/wp-json\/wp\/v2\/product\/1031","targetHints":{"allow":["GET"]}}],"collection":[{"href":"https:\/\/polifood.com.pe\/in\/wp-json\/wp\/v2\/product"}],"about":[{"href":"https:\/\/polifood.com.pe\/in\/wp-json\/wp\/v2\/types\/product"}],"replies":[{"embeddable":true,"href":"https:\/\/polifood.com.pe\/in\/wp-json\/wp\/v2\/comments?post=1031"}],"version-history":[{"count":1,"href":"https:\/\/polifood.com.pe\/in\/wp-json\/wp\/v2\/product\/1031\/revisions"}],"predecessor-version":[{"id":1033,"href":"https:\/\/polifood.com.pe\/in\/wp-json\/wp\/v2\/product\/1031\/revisions\/1033"}],"wp:attachment":[{"href":"https:\/\/polifood.com.pe\/in\/wp-json\/wp\/v2\/media?parent=1031"}],"wp:term":[{"taxonomy":"product_brand","embeddable":true,"href":"https:\/\/polifood.com.pe\/in\/wp-json\/wp\/v2\/product_brand?post=1031"},{"taxonomy":"product_cat","embeddable":true,"href":"https:\/\/polifood.com.pe\/in\/wp-json\/wp\/v2\/product_cat?post=1031"},{"taxonomy":"product_tag","embeddable":true,"href":"https:\/\/polifood.com.pe\/in\/wp-json\/wp\/v2\/product_tag?post=1031"}],"curies":[{"name":"wp","href":"https:\/\/api.w.org\/{rel}","templated":true}]}}