{"id":919,"date":"2025-07-13T06:10:55","date_gmt":"2025-07-13T06:10:55","guid":{"rendered":"https:\/\/polifood.com.pe\/?post_type=product&#038;p=919"},"modified":"2025-07-13T06:10:55","modified_gmt":"2025-07-13T06:10:55","slug":"polibind-sfc","status":"publish","type":"product","link":"https:\/\/polifood.com.pe\/in\/product\/polibind-sfc\/","title":{"rendered":"Polibind SFC"},"content":{"rendered":"<p>Stabilizes highly injected hams. Combined with vegetable and animal proteins, and carrageenan, it produces firmer, more elastic structures with greater water retention.<\/p>","protected":false},"excerpt":{"rendered":"<p>Estabiliza jamones de elevada inyecci\u00f3n. combinado con prote\u00ednas vegetales, animales y carrageninas produce estructuras m\u00e1s firmes, el\u00e1sticas y con mayor<\/p>","protected":false},"featured_media":0,"comment_status":"open","ping_status":"closed","template":"","meta":{"_joinchat":[]},"product_brand":[],"product_cat":[31],"product_tag":[],"class_list":{"0":"post-919","1":"product","2":"type-product","3":"status-publish","5":"product_cat-carnes-y-embutidos","7":"first","8":"instock","9":"shipping-taxable","10":"product-type-simple"},"_links":{"self":[{"href":"https:\/\/polifood.com.pe\/in\/wp-json\/wp\/v2\/product\/919","targetHints":{"allow":["GET"]}}],"collection":[{"href":"https:\/\/polifood.com.pe\/in\/wp-json\/wp\/v2\/product"}],"about":[{"href":"https:\/\/polifood.com.pe\/in\/wp-json\/wp\/v2\/types\/product"}],"replies":[{"embeddable":true,"href":"https:\/\/polifood.com.pe\/in\/wp-json\/wp\/v2\/comments?post=919"}],"version-history":[{"count":1,"href":"https:\/\/polifood.com.pe\/in\/wp-json\/wp\/v2\/product\/919\/revisions"}],"predecessor-version":[{"id":921,"href":"https:\/\/polifood.com.pe\/in\/wp-json\/wp\/v2\/product\/919\/revisions\/921"}],"wp:attachment":[{"href":"https:\/\/polifood.com.pe\/in\/wp-json\/wp\/v2\/media?parent=919"}],"wp:term":[{"taxonomy":"product_brand","embeddable":true,"href":"https:\/\/polifood.com.pe\/in\/wp-json\/wp\/v2\/product_brand?post=919"},{"taxonomy":"product_cat","embeddable":true,"href":"https:\/\/polifood.com.pe\/in\/wp-json\/wp\/v2\/product_cat?post=919"},{"taxonomy":"product_tag","embeddable":true,"href":"https:\/\/polifood.com.pe\/in\/wp-json\/wp\/v2\/product_tag?post=919"}],"curies":[{"name":"wp","href":"https:\/\/api.w.org\/{rel}","templated":true}]}}