{"id":998,"date":"2025-07-13T06:29:59","date_gmt":"2025-07-13T06:29:59","guid":{"rendered":"https:\/\/polifood.com.pe\/?post_type=product&#038;p=998"},"modified":"2025-07-13T06:30:00","modified_gmt":"2025-07-13T06:30:00","slug":"polipan-molde-1-0","status":"publish","type":"product","link":"https:\/\/polifood.com.pe\/in\/product\/polipan-molde-1-0\/","title":{"rendered":"POLIPAN MOLDE 1.0"},"content":{"rendered":"<p>A blend of emulsifiers, vegetable fiber, hydrocolloids, milk protein, and enzymes. It improves dough formation, promoting greater moisture retention, volume development, and a uniform crumb.<\/p>","protected":false},"excerpt":{"rendered":"<p>Mezcla de emulsionantes, fibra vegetal, hidrocoloides, prote\u00edna l\u00e1ctea y enzima. Mejora la formaci\u00f3n de la masa, promoviendo una mayor retenci\u00f3n<\/p>","protected":false},"featured_media":0,"comment_status":"open","ping_status":"closed","template":"","meta":{"_joinchat":[]},"product_brand":[],"product_cat":[32],"product_tag":[],"class_list":{"0":"post-998","1":"product","2":"type-product","3":"status-publish","5":"product_cat-panificacion-y-molineria","7":"first","8":"instock","9":"shipping-taxable","10":"product-type-simple"},"_links":{"self":[{"href":"https:\/\/polifood.com.pe\/in\/wp-json\/wp\/v2\/product\/998","targetHints":{"allow":["GET"]}}],"collection":[{"href":"https:\/\/polifood.com.pe\/in\/wp-json\/wp\/v2\/product"}],"about":[{"href":"https:\/\/polifood.com.pe\/in\/wp-json\/wp\/v2\/types\/product"}],"replies":[{"embeddable":true,"href":"https:\/\/polifood.com.pe\/in\/wp-json\/wp\/v2\/comments?post=998"}],"version-history":[{"count":1,"href":"https:\/\/polifood.com.pe\/in\/wp-json\/wp\/v2\/product\/998\/revisions"}],"predecessor-version":[{"id":1000,"href":"https:\/\/polifood.com.pe\/in\/wp-json\/wp\/v2\/product\/998\/revisions\/1000"}],"wp:attachment":[{"href":"https:\/\/polifood.com.pe\/in\/wp-json\/wp\/v2\/media?parent=998"}],"wp:term":[{"taxonomy":"product_brand","embeddable":true,"href":"https:\/\/polifood.com.pe\/in\/wp-json\/wp\/v2\/product_brand?post=998"},{"taxonomy":"product_cat","embeddable":true,"href":"https:\/\/polifood.com.pe\/in\/wp-json\/wp\/v2\/product_cat?post=998"},{"taxonomy":"product_tag","embeddable":true,"href":"https:\/\/polifood.com.pe\/in\/wp-json\/wp\/v2\/product_tag?post=998"}],"curies":[{"name":"wp","href":"https:\/\/api.w.org\/{rel}","templated":true}]}}